{"id":1677,"date":"2022-02-14T12:04:10","date_gmt":"2022-02-14T11:04:10","guid":{"rendered":"http:\/\/automodemy.com\/?page_id=1677"},"modified":"2022-02-14T12:28:18","modified_gmt":"2022-02-14T11:28:18","slug":"calendario","status":"publish","type":"page","link":"https:\/\/automodemy.com\/fr\/calendrier\/","title":{"rendered":"Calendario"},"content":{"rendered":"<p>[et_pb_section fb_built=&#8221;1&#8243; _builder_version=&#8221;4.14.7&#8243; _module_preset=&#8221;default&#8221; global_colors_info=&#8221;{}&#8221;][et_pb_row _builder_version=&#8221;4.14.7&#8243; _module_preset=&#8221;default&#8221; global_colors_info=&#8221;{}&#8221;][et_pb_column type=&#8221;4_4&#8243; _builder_version=&#8221;4.14.7&#8243; _module_preset=&#8221;default&#8221; global_colors_info=&#8221;{}&#8221;][et_pb_text _builder_version=&#8221;4.14.7&#8243; _module_preset=&#8221;default&#8221; global_colors_info=&#8221;{}&#8221;]<\/p>\n<h2 style=\"text-align: center;\">Calendario degli Eventi<\/h2>\n<p>[\/et_pb_text][\/et_pb_column][\/et_pb_row][et_pb_row _builder_version=&#8221;4.14.7&#8243; _module_preset=&#8221;default&#8221; global_colors_info=&#8221;{}&#8221;][et_pb_column type=&#8221;4_4&#8243; _builder_version=&#8221;4.14.7&#8243; _module_preset=&#8221;default&#8221; global_colors_info=&#8221;{}&#8221;][decm_divi_event_calendar week_background_color=&#8221;#0A0D45&#8243; current_day_text_color=&#8221;#FF8722&#8243; navigate_background_color=&#8221;#0A0D45&#8243; view_current_tab_color=&#8221;#FF8722&#8243; _builder_version=&#8221;4.14.7&#8243; _module_preset=&#8221;default&#8221; month_font=&#8221;|700|||||||&#8221; month_text_color=&#8221;#0A0D45&#8243; hover_enabled=&#8221;0&#8243; global_colors_info=&#8221;{}&#8221; events_background_color=&#8221;#0A0D45&#8243; show_tooltip_time=&#8221;off&#8221; show_time_zone=&#8221;off&#8221; show_tooltip_street=&#8221;off&#8221; show_tooltip_locality=&#8221;off&#8221; show_tooltip_postal=&#8221;off&#8221; show_tooltip_country=&#8221;off&#8221; show_tooltip_organizer=&#8221;off&#8221; show_tooltip_weburl=&#8221;off&#8221; sticky_enabled=&#8221;0&#8243; navigate_background_color__hover_enabled=&#8221;on|hover&#8221; navigate_background_color__hover=&#8221;#FF8722&#8243; view_background_color__hover_enabled=&#8221;on|hover&#8221; view_background_color__hover=&#8221;#FF8722&#8243;][\/decm_divi_event_calendar][\/et_pb_column][\/et_pb_row][\/et_pb_section]<\/p>\n","protected":false},"excerpt":{"rendered":"<p>Calendrier des \u00e9v\u00e9nements de l'Acad\u00e9mie de l'automobile<\/p>","protected":false},"author":3,"featured_media":0,"parent":0,"menu_order":0,"comment_status":"closed","ping_status":"closed","template":"","meta":{"_acf_changed":false,"_et_pb_use_builder":"on","_et_pb_old_content":"","_et_gb_content_width":"","_price":"","_stock":"","_tribe_ticket_header":"","_tribe_default_ticket_provider":"","_tribe_ticket_capacity":"0","_ticket_start_date":"","_ticket_end_date":"","_tribe_ticket_show_description":"","_tribe_ticket_show_not_going":false,"_tribe_ticket_use_global_stock":"","_tribe_ticket_global_stock_level":"","_global_stock_mode":"","_global_stock_cap":"","_tribe_rsvp_for_event":"","_tribe_ticket_going_count":"","_tribe_ticket_not_going_count":"","_tribe_tickets_list":"[]","_tribe_ticket_has_attendee_info_fields":false,"footnotes":"","_tec_slr_enabled":"","_tec_slr_layout":""},"class_list":["post-1677","page","type-page","status-publish","hentry"],"acf":[],"ticketed":false,"_links":{"self":[{"href":"https:\/\/automodemy.com\/fr\/wp-json\/wp\/v2\/pages\/1677","targetHints":{"allow":["GET"]}}],"collection":[{"href":"https:\/\/automodemy.com\/fr\/wp-json\/wp\/v2\/pages"}],"about":[{"href":"https:\/\/automodemy.com\/fr\/wp-json\/wp\/v2\/types\/page"}],"author":[{"embeddable":true,"href":"https:\/\/automodemy.com\/fr\/wp-json\/wp\/v2\/users\/3"}],"replies":[{"embeddable":true,"href":"https:\/\/automodemy.com\/fr\/wp-json\/wp\/v2\/comments?post=1677"}],"version-history":[{"count":4,"href":"https:\/\/automodemy.com\/fr\/wp-json\/wp\/v2\/pages\/1677\/revisions"}],"predecessor-version":[{"id":1692,"href":"https:\/\/automodemy.com\/fr\/wp-json\/wp\/v2\/pages\/1677\/revisions\/1692"}],"wp:attachment":[{"href":"https:\/\/automodemy.com\/fr\/wp-json\/wp\/v2\/media?parent=1677"}],"curies":[{"name":"wp","href":"https:\/\/api.w.org\/{rel}","templated":true}]}}