{"id":3,"date":"2022-01-24T14:55:21","date_gmt":"2022-01-24T13:55:21","guid":{"rendered":"http:\/\/automodemy.com\/?page_id=3"},"modified":"2024-09-24T10:05:10","modified_gmt":"2024-09-24T08:05:10","slug":"privacy-policy","status":"publish","type":"page","link":"https:\/\/automodemy.com\/fr\/politique-de-confidentialite\/","title":{"rendered":"Privacy policy"},"content":{"rendered":"<p>[et_pb_section fb_built=&#8221;1&#8243; admin_label=&#8221;section&#8221; _builder_version=&#8221;4.16&#8243; global_colors_info=&#8221;{}&#8221;][et_pb_row admin_label=&#8221;row&#8221; _builder_version=&#8221;4.16&#8243; background_size=&#8221;initial&#8221; background_position=&#8221;top_left&#8221; background_repeat=&#8221;repeat&#8221; global_colors_info=&#8221;{}&#8221;][et_pb_column type=&#8221;4_4&#8243; _builder_version=&#8221;4.16&#8243; custom_padding=&#8221;|||&#8221; global_colors_info=&#8221;{}&#8221; custom_padding__hover=&#8221;|||&#8221;][et_pb_text admin_label=&#8221;Text&#8221; _builder_version=&#8221;4.27.0&#8243; background_size=&#8221;initial&#8221; background_position=&#8221;top_left&#8221; background_repeat=&#8221;repeat&#8221; hover_enabled=&#8221;0&#8243; global_colors_info=&#8221;{}&#8221; sticky_enabled=&#8221;0&#8243;]<\/p>\n<h2>Privacy Policy<\/h2>\n<p>Data di aggiornamento: 24\/09\/2024<\/p>\n<p>Automodemy.com (di seguito \u201cSito\u201d) rispetta la privacy dei propri utenti e si impegna a proteggerla. Questa Privacy Policy descrive come raccogliamo, utilizziamo, divulghiamo e proteggiamo i dati personali forniti dagli utenti del Sito.<\/p>\n<p>&nbsp;<\/p>\n<h3>\u00a01. Titolare del trattamento<\/h3>\n<p>Il titolare del trattamento dei dati personali \u00e8 <a href=\"https:\/\/www.innovacert.it\" target=\"_blank\" rel=\"noopener\" title=\"Innovacert\">Innovacert<\/a>, con sede in Via dei Sorini,44 Firenze, email: <a href=\"mailto:info@automodemy.com\">info@automodemy.com<\/a><\/p>\n<p>&nbsp;<\/p>\n<h3>\u00a02. Dati raccolti<\/h3>\n<p>Automodemy.com raccoglie i seguenti tipi di dati:<\/p>\n<p>&nbsp;<\/p>\n<h3>\u00a02.1 Dati forniti volontariamente dagli utenti<\/h3>\n<p>&#8211; Dati di contatto: nome, indirizzo email, numero di telefono.<\/p>\n<p>&#8211; Informazioni necessarie per la registrazione: nome utente e password.<\/p>\n<p>&#8211; Altre informazioni fornite tramite i moduli di contatto o attraverso il processo di registrazione.<\/p>\n<p>&nbsp;<\/p>\n<h3>\u00a02.2 Dati raccolti automaticamente<\/h3>\n<p>Quando l&#8217;utente visita il Sito, raccogliamo automaticamente alcuni dati attraverso l&#8217;uso di cookie e tecnologie simili:<\/p>\n<p>&#8211; Dati di navigazione: indirizzo IP, tipo di browser, sistema operativo, pagine visitate, tempo trascorso sul sito, e altre statistiche.<\/p>\n<p>&#8211; Cookie: piccoli file di testo che vengono inviati al dispositivo dell&#8217;utente per migliorare la navigazione e l&#8217;esperienza dell&#8217;utente.<\/p>\n<p>&nbsp;<\/p>\n<p>Per ulteriori informazioni sui cookie, consulta la nostra <a href=\"http:\/\/automodemy.com\/cookie-policy\/\" title=\"Cookie Policy\">Cookie Policy<\/a><\/p>\n<p>&nbsp;<\/p>\n<h3>\u00a03. Finalit\u00e0 del trattamento<\/h3>\n<p>I dati personali raccolti vengono utilizzati per le seguenti finalit\u00e0:<\/p>\n<p>&#8211; Fornire i servizi offerti sul Sito.<\/p>\n<p>&#8211; Gestire la registrazione e gli account degli utenti.<\/p>\n<p>&#8211; Rispondere a richieste di informazioni o assistenza.<\/p>\n<p>&#8211; Migliorare la qualit\u00e0 del servizio e personalizzare l&#8217;esperienza utente.<\/p>\n<p>&#8211; Inviare comunicazioni di marketing (solo con il consenso dell&#8217;utente).<\/p>\n<p>&#8211; Garantire la sicurezza del Sito e prevenire attivit\u00e0 illecite.<\/p>\n<p>&nbsp;<\/p>\n<h3>\u00a04. Base giuridica del trattamento<\/h3>\n<p>Il trattamento dei dati personali \u00e8 basato su:<\/p>\n<p>&#8211; Consenso dell&#8217;utente per l&#8217;invio di comunicazioni di marketing.<\/p>\n<p>&#8211; Esecuzione di un contratto per l&#8217;uso dei servizi offerti sul Sito.<\/p>\n<p>&#8211; Legittimo interesse per migliorare i servizi offerti e garantire la sicurezza del Sito.<\/p>\n<p>&nbsp;<\/p>\n<h3>\u00a05. Divulgazione dei dati a terzi<\/h3>\n<p>Automodemy.com non vender\u00e0, scambier\u00e0 o affitter\u00e0 i dati personali degli utenti a terzi. Tuttavia, i dati possono essere condivisi con:<\/p>\n<p>&#8211; Fornitori di servizi terzi: per esempio, servizi di hosting, analisi web e strumenti di marketing, che trattano i dati per nostro conto.<\/p>\n<p>&#8211; Autorit\u00e0 legali: ove richiesto per legge o per la protezione dei nostri diritti.<\/p>\n<p>&nbsp;<\/p>\n<h3>\u00a06. Conservazione dei dati<\/h3>\n<p>I dati personali degli utenti saranno conservati per il tempo necessario a soddisfare le finalit\u00e0 per le quali sono stati raccolti, o secondo quanto previsto dalle normative vigenti.<\/p>\n<p>&nbsp;<\/p>\n<h3>\u00a07. Diritti degli utenti<\/h3>\n<p>In base alle leggi applicabili, gli utenti hanno il diritto di:<\/p>\n<p>&#8211; Accedere ai propri dati personali.<\/p>\n<p>&#8211; Richiedere la rettifica o la cancellazione dei dati.<\/p>\n<p>&#8211; Limitare il trattamento dei dati personali.<\/p>\n<p>&#8211; Opporsi al trattamento dei dati per finalit\u00e0 di marketing.<\/p>\n<p>&#8211; Richiedere la portabilit\u00e0 dei dati.<\/p>\n<p>&#8211; Revocare il consenso in qualsiasi momento (quando il trattamento si basa sul consenso).<\/p>\n<p>&nbsp;<\/p>\n<p>Le richieste possono essere inviate a <a href=\"mailto:info@automodemy.com\">info@automodemy.com<\/a><\/p>\n<p>&nbsp;<\/p>\n<h3>\u00a08. Sicurezza dei dati<\/h3>\n<p>Automodemy.com adotta misure tecniche e organizzative adeguate per proteggere i dati personali degli utenti da accessi non autorizzati, divulgazioni, alterazioni o distruzioni.<\/p>\n<p>&nbsp;<\/p>\n<h3>\u00a09. Modifiche alla Privacy Policy<\/h3>\n<p>Automodemy.com si riserva il diritto di aggiornare o modificare questa Privacy Policy in qualsiasi momento. Le modifiche saranno pubblicate su questa pagina e la data di aggiornamento sar\u00e0 riportata all&#8217;inizio del documento.<\/p>\n<p>&nbsp;<\/p>\n<h3>\u00a010. Contatti<\/h3>\n<p>Per qualsiasi domanda o richiesta riguardante questa Privacy Policy, puoi contattarci all&#8217;indirizzo email: <a href=\"mailto:info@automodemy.com\">info@automodemy.com<\/a><\/p>\n<p>\n<script type=\"text\/javascript\">(function (w,d) {var loader = function () {var s = d.createElement(\"script\"), tag = d.getElementsByTagName(\"script\")[0]; s.src=\"https:\/\/cdn.iubenda.com\/iubenda.js\"; tag.parentNode.insertBefore(s,tag);}; if(w.addEventListener){w.addEventListener(\"load\", loader, false);}else if(w.attachEvent){w.attachEvent(\"onload\", loader);}else{w.onload = loader;}})(window, document);<\/script>\n<\/p>\n<p>[\/et_pb_text][\/et_pb_column][\/et_pb_row][\/et_pb_section]<\/p>\n","protected":false},"excerpt":{"rendered":"<p>Privacy Policy Data di aggiornamento: 24\/09\/2024 Automodemy.com (di seguito \u201cSito\u201d) rispetta la privacy dei propri utenti e si impegna a proteggerla. Questa Privacy Policy descrive come raccogliamo, utilizziamo, divulghiamo e [&hellip;]<\/p>\n","protected":false},"author":2,"featured_media":0,"parent":0,"menu_order":0,"comment_status":"closed","ping_status":"open","template":"","meta":{"_acf_changed":false,"_et_pb_use_builder":"on","_et_pb_old_content":"<!-- wp:paragraph -->\n<p><a href=\"https:\/\/www.iubenda.com\/privacy-policy\/21905048\">Privacy Policy<\/a><\/p>\n<!-- \/wp:paragraph -->","_et_gb_content_width":"","_price":"","_stock":"","_tribe_ticket_header":"","_tribe_default_ticket_provider":"","_tribe_ticket_capacity":"0","_ticket_start_date":"","_ticket_end_date":"","_tribe_ticket_show_description":"","_tribe_ticket_show_not_going":false,"_tribe_ticket_use_global_stock":"","_tribe_ticket_global_stock_level":"","_global_stock_mode":"","_global_stock_cap":"","_tribe_rsvp_for_event":"","_tribe_ticket_going_count":"","_tribe_ticket_not_going_count":"","_tribe_tickets_list":"[]","_tribe_ticket_has_attendee_info_fields":false,"footnotes":"","_tec_slr_enabled":"","_tec_slr_layout":""},"class_list":["post-3","page","type-page","status-publish","hentry"],"acf":[],"ticketed":false,"_links":{"self":[{"href":"https:\/\/automodemy.com\/fr\/wp-json\/wp\/v2\/pages\/3","targetHints":{"allow":["GET"]}}],"collection":[{"href":"https:\/\/automodemy.com\/fr\/wp-json\/wp\/v2\/pages"}],"about":[{"href":"https:\/\/automodemy.com\/fr\/wp-json\/wp\/v2\/types\/page"}],"author":[{"embeddable":true,"href":"https:\/\/automodemy.com\/fr\/wp-json\/wp\/v2\/users\/2"}],"replies":[{"embeddable":true,"href":"https:\/\/automodemy.com\/fr\/wp-json\/wp\/v2\/comments?post=3"}],"version-history":[{"count":5,"href":"https:\/\/automodemy.com\/fr\/wp-json\/wp\/v2\/pages\/3\/revisions"}],"predecessor-version":[{"id":37593,"href":"https:\/\/automodemy.com\/fr\/wp-json\/wp\/v2\/pages\/3\/revisions\/37593"}],"wp:attachment":[{"href":"https:\/\/automodemy.com\/fr\/wp-json\/wp\/v2\/media?parent=3"}],"curies":[{"name":"wp","href":"https:\/\/api.w.org\/{rel}","templated":true}]}}