{"id":1292,"date":"2022-02-11T09:33:52","date_gmt":"2022-02-11T08:33:52","guid":{"rendered":"http:\/\/automodemy.com\/?page_id=1292"},"modified":"2022-02-11T10:07:42","modified_gmt":"2022-02-11T09:07:42","slug":"manuale-msa-anfia","status":"publish","type":"page","link":"https:\/\/automodemy.com\/pt\/manuais\/manual-msa-anfia\/","title":{"rendered":"Restricted content"},"content":{"rendered":"<p>&nbsp;<\/p>\r\n<p>&nbsp;<\/p>\r\n<p style=\"text-align: center\">Conte\u00fado dispon\u00edvel apenas para utilizadores registados. Iniciar sess\u00e3o ou registar-se <a href=\"https:\/\/automodemy.com\/pt\/login\/\">aqui<\/a>.<\/p>\r\n<p>&nbsp;<\/p>\r\n<p>&nbsp;<\/p>","protected":false},"excerpt":{"rendered":"","protected":false},"author":3,"featured_media":0,"parent":275,"menu_order":0,"comment_status":"closed","ping_status":"closed","template":"","meta":{"_acf_changed":false,"_et_pb_use_builder":"on","_et_pb_old_content":"","_et_gb_content_width":"1600","_price":"","_stock":"","_tribe_ticket_header":"","_tribe_default_ticket_provider":"","_tribe_ticket_capacity":"0","_ticket_start_date":"","_ticket_end_date":"","_tribe_ticket_show_description":"","_tribe_ticket_show_not_going":false,"_tribe_ticket_use_global_stock":"","_tribe_ticket_global_stock_level":"","_global_stock_mode":"","_global_stock_cap":"","_tribe_rsvp_for_event":"","_tribe_ticket_going_count":"","_tribe_ticket_not_going_count":"","_tribe_tickets_list":"[]","_tribe_ticket_has_attendee_info_fields":false,"footnotes":"","_tec_slr_enabled":"","_tec_slr_layout":""},"class_list":["post-1292","page","type-page","status-publish","hentry"],"acf":[],"ticketed":false,"_links":{"self":[{"href":"https:\/\/automodemy.com\/pt\/wp-json\/wp\/v2\/pages\/1292","targetHints":{"allow":["GET"]}}],"collection":[{"href":"https:\/\/automodemy.com\/pt\/wp-json\/wp\/v2\/pages"}],"about":[{"href":"https:\/\/automodemy.com\/pt\/wp-json\/wp\/v2\/types\/page"}],"author":[{"embeddable":true,"href":"https:\/\/automodemy.com\/pt\/wp-json\/wp\/v2\/users\/3"}],"replies":[{"embeddable":true,"href":"https:\/\/automodemy.com\/pt\/wp-json\/wp\/v2\/comments?post=1292"}],"version-history":[{"count":5,"href":"https:\/\/automodemy.com\/pt\/wp-json\/wp\/v2\/pages\/1292\/revisions"}],"predecessor-version":[{"id":1397,"href":"https:\/\/automodemy.com\/pt\/wp-json\/wp\/v2\/pages\/1292\/revisions\/1397"}],"up":[{"embeddable":true,"href":"https:\/\/automodemy.com\/pt\/wp-json\/wp\/v2\/pages\/275"}],"wp:attachment":[{"href":"https:\/\/automodemy.com\/pt\/wp-json\/wp\/v2\/media?parent=1292"}],"curies":[{"name":"wp","href":"https:\/\/api.w.org\/{rel}","templated":true}]}}